{"id":3952,"date":"2024-09-24T12:19:33","date_gmt":"2024-09-24T10:19:33","guid":{"rendered":"https:\/\/tangoberlin.com\/?page_id=3952"},"modified":"2025-01-07T11:31:27","modified_gmt":"2025-01-07T10:31:27","slug":"tango-claerchens-ballhaus","status":"publish","type":"page","link":"https:\/\/tangoberlin.com\/en\/tango-claerchens-ballhaus\/","title":{"rendered":"Tango Cl\u00e4rchens Ballhaus"},"content":{"rendered":"<div id=\"themify_builder_content-3952\" data-postid=\"3952\" class=\"themify_builder_content themify_builder_content-3952 themify_builder\">\n    \t<!-- module_row -->\n\t<div  class=\"themify_builder_row module_row clearfix module_row_0 themify_builder_3952_row module_row_3952-0 tb_pju7582\">\n\t    \t    <div class=\"row_inner col_align_top\" >\n\t\t\t<div  class=\"module_column tb-column col-full first tb_3952_column module_column_0 module_column_3952-0-0 tb_r0ne582\">\n\t    \t    \t        <div class=\"tb-column-inner\">\n\t\t    <!-- module text -->\n<div  class=\"module module-text tb_5eiu583\">\n            <div  class=\"tb_text_wrap\">\n    <h1 style=\"text-align: center;\">TANGO IN CL\u00c4RCHENS BALLHAUS<\/h1>\n<p>\u00a0<\/p>    <\/div>\n<\/div>\n<!-- \/module text -->\n\t        <\/div>\n\t    \t<\/div>\n\t\t    <\/div>\n\t    <!-- \/row_inner -->\n\t<\/div>\n\t<!-- \/module_row -->\n\t\t<!-- module_row -->\n\t<div  class=\"themify_builder_row module_row clearfix module_row_1 themify_builder_3952_row module_row_3952-1 tb_vtt7246\">\n\t    \t    <div class=\"row_inner col_align_top\" >\n\t\t\t<div  class=\"module_column tb-column col2-1 first tb_3952_column module_column_0 module_column_3952-1-0 tb_tfim246\">\n\t    \t    \t        <div class=\"tb-column-inner\">\n\t\t    <!-- module text -->\n<div  class=\"module module-text tb_7ze5247\">\n            <div  class=\"tb_text_wrap\">\n    <p>Enjoy a Unique Evening in Berlin.<\/p>\n<p>We invite you to experience an unforgettable evening in one of the most charming places in Berlin!<\/p>\n<p>Every Wednesday, join us on the first floor of Cl\u00e4rchens Ballhaus, where the Spiegelsaal is located.<\/p>\n<p>This enchanting hall has preserved its original aesthetic from the early 20th century, creating a magical atmosphere for dancing.<\/p>\n<p>Since 1913, this beautiful space has served as a dance hall, and it is a true honor for us to continue this tradition.<\/p>\n<p>Don\u2019t miss out!<\/p>\n<p>\u00a0<\/p>    <\/div>\n<\/div>\n<!-- \/module text -->\n\t        <\/div>\n\t    \t<\/div>\n\t\t<div  class=\"module_column tb-column col2-1 last tb_3952_column module_column_1 module_column_3952-1-1 tb_pvj7247\">\n\t    \t    \t        <div class=\"tb-column-inner\">\n\t\t    <!-- module text -->\n<div  class=\"module module-text tb_wbnh247\">\n            <div  class=\"tb_text_wrap\">\n    <p>Program:<\/p>\n<p>Program:\n- 6:30 PM to 7:30 PM: Class for beginners (with Juliana &amp; Santiago)\n- 7:30 PM to 8:30 PM: Class for all levels (with Juliana &amp; Santiago)<br \/>&#8211; 19:30 bis 20:30 Uhr: Kurs f\u00fcr Mittelstufe und Fortgeschrittene Niveaus (mit Juliana &amp; Santiago)<\/p>\n<p>Classes are open (no prior registration required), you can come alone or with a partner.<\/p>\n<p>- 8:30 PM to 12:00 AM: Milonga<\/p>\n<p>Price:<\/p>\n<p>1 class: \u20ac15 (per person)<br \/>Milonga: \u20ac10 (per person)<br \/>Class + milonga: \u20ac20 (per person)<\/p>\n<p>Address: Auguststra\u00dfe 24\/25, 10117 Berlin.<\/p>    <\/div>\n<\/div>\n<!-- \/module text -->\n\t        <\/div>\n\t    \t<\/div>\n\t\t    <\/div>\n\t    <!-- \/row_inner -->\n\t<\/div>\n\t<!-- \/module_row -->\n\t\t<!-- module_row -->\n\t<div   class=\"themify_builder_row module_row clearfix repeat module_row_2 themify_builder_3952_row module_row_3952-2 tb_i79u736\">\n\t    \t    <div class=\"row_inner col_align_top\" >\n\t\t\t<div  class=\"module_column tb-column col-full first tb_3952_column module_column_0 module_column_3952-2-0 tb_qz3t736\">\n\t    \t    \t        <div class=\"tb-column-inner\">\n\t\t        <!-- module gallery -->\n    <div  class=\"module gallery module-gallery tb_t0db741 gallery-columns-4  layout-grid\">\n\t                \n    <dl class=\"gallery-item\">\n        <dt class=\"gallery-icon\">\n        <a data-title=\"\" title=\"\" href=\"https:\/\/tangoberlin.com\/wp-content\/uploads\/2021\/09\/tango-class-1-scaled.jpg\"><img decoding=\"async\" data-src=\"https:\/\/tangoberlin.com\/wp-content\/uploads\/2021\/09\/tango-class-1-750x500.jpg\" width=\"300\" height=\"200\" title=\"Tango Cl\u00e4rchens Ballhaus\" alt=\"Tango Cl\u00e4rchens Ballhaus\" src=\"data:image\/svg+xml;base64,PHN2ZyB3aWR0aD0iMSIgaGVpZ2h0PSIxIiB4bWxucz0iaHR0cDovL3d3dy53My5vcmcvMjAwMC9zdmciPjwvc3ZnPg==\" class=\"lazyload\" style=\"--smush-placeholder-width: 300px; --smush-placeholder-aspect-ratio: 300\/200;\" \/><\/a>        <\/dt>\n        <dd>\n                                <\/dd>\n    <\/dl>\n\n\n    <dl class=\"gallery-item\">\n        <dt class=\"gallery-icon\">\n        <a data-title=\"\" title=\"\" href=\"https:\/\/tangoberlin.com\/wp-content\/uploads\/2020\/08\/cl\u00e4rchens-1.jpg\"><img decoding=\"async\" data-src=\"https:\/\/tangoberlin.com\/wp-content\/uploads\/2020\/08\/cl\u00e4rchens-1-750x500-300x200.jpg\" width=\"300\" height=\"200\" class=\"wp-post-image wp-image-2097 lazyload\" title=\"10\" alt=\"10\" data-srcset=\"https:\/\/tangoberlin.com\/wp-content\/uploads\/2020\/08\/cl\u00e4rchens-1-750x500-300x200.jpg 300w, https:\/\/tangoberlin.com\/wp-content\/uploads\/2020\/08\/cl\u00e4rchens-1-750x500.jpg 750w, https:\/\/tangoberlin.com\/wp-content\/uploads\/2020\/08\/cl\u00e4rchens-1-768x512.jpg 768w, https:\/\/tangoberlin.com\/wp-content\/uploads\/2020\/08\/cl\u00e4rchens-1-1536x1024.jpg 1536w, https:\/\/tangoberlin.com\/wp-content\/uploads\/2020\/08\/cl\u00e4rchens-1.jpg 2048w\" data-sizes=\"(max-width: 300px) 100vw, 300px\" src=\"data:image\/svg+xml;base64,PHN2ZyB3aWR0aD0iMSIgaGVpZ2h0PSIxIiB4bWxucz0iaHR0cDovL3d3dy53My5vcmcvMjAwMC9zdmciPjwvc3ZnPg==\" style=\"--smush-placeholder-width: 300px; --smush-placeholder-aspect-ratio: 300\/200;\" \/><\/a>        <\/dt>\n        <dd>\n                                <\/dd>\n    <\/dl>\n\n\n    <dl class=\"gallery-item\">\n        <dt class=\"gallery-icon\">\n        <a data-title=\"\" title=\"\" href=\"https:\/\/tangoberlin.com\/wp-content\/uploads\/2020\/07\/1DSC_6057_web-CHICA.jpg\"><img decoding=\"async\" data-src=\"https:\/\/tangoberlin.com\/wp-content\/uploads\/2020\/07\/1DSC_6057_web-CHICA-749x500-300x200.jpg\" width=\"300\" height=\"200\" class=\"wp-post-image wp-image-2001 lazyload\" title=\"5\" alt=\"5\" data-srcset=\"https:\/\/tangoberlin.com\/wp-content\/uploads\/2020\/07\/1DSC_6057_web-CHICA-749x500-300x200.jpg 300w, https:\/\/tangoberlin.com\/wp-content\/uploads\/2020\/07\/1DSC_6057_web-CHICA-749x500.jpg 749w, https:\/\/tangoberlin.com\/wp-content\/uploads\/2020\/07\/1DSC_6057_web-CHICA-768x512.jpg 768w, https:\/\/tangoberlin.com\/wp-content\/uploads\/2020\/07\/1DSC_6057_web-CHICA-1536x1025.jpg 1536w, https:\/\/tangoberlin.com\/wp-content\/uploads\/2020\/07\/1DSC_6057_web-CHICA.jpg 1800w\" data-sizes=\"(max-width: 300px) 100vw, 300px\" src=\"data:image\/svg+xml;base64,PHN2ZyB3aWR0aD0iMSIgaGVpZ2h0PSIxIiB4bWxucz0iaHR0cDovL3d3dy53My5vcmcvMjAwMC9zdmciPjwvc3ZnPg==\" style=\"--smush-placeholder-width: 300px; --smush-placeholder-aspect-ratio: 300\/200;\" \/><\/a>        <\/dt>\n        <dd>\n                                <\/dd>\n    <\/dl>\n\n\n    <dl class=\"gallery-item\">\n        <dt class=\"gallery-icon\">\n        <a data-title=\"\" title=\"\" href=\"https:\/\/tangoberlin.com\/wp-content\/uploads\/2020\/07\/1DSC_6124_web-CHICA.jpg\"><img decoding=\"async\" data-src=\"https:\/\/tangoberlin.com\/wp-content\/uploads\/2020\/07\/1DSC_6124_web-CHICA-749x500-300x200.jpg\" width=\"300\" height=\"200\" class=\"wp-post-image wp-image-2000 lazyload\" title=\"6\" alt=\"6\" data-srcset=\"https:\/\/tangoberlin.com\/wp-content\/uploads\/2020\/07\/1DSC_6124_web-CHICA-749x500-300x200.jpg 300w, https:\/\/tangoberlin.com\/wp-content\/uploads\/2020\/07\/1DSC_6124_web-CHICA-749x500.jpg 749w, https:\/\/tangoberlin.com\/wp-content\/uploads\/2020\/07\/1DSC_6124_web-CHICA-768x512.jpg 768w, https:\/\/tangoberlin.com\/wp-content\/uploads\/2020\/07\/1DSC_6124_web-CHICA-1536x1025.jpg 1536w, https:\/\/tangoberlin.com\/wp-content\/uploads\/2020\/07\/1DSC_6124_web-CHICA.jpg 1800w\" data-sizes=\"(max-width: 300px) 100vw, 300px\" src=\"data:image\/svg+xml;base64,PHN2ZyB3aWR0aD0iMSIgaGVpZ2h0PSIxIiB4bWxucz0iaHR0cDovL3d3dy53My5vcmcvMjAwMC9zdmciPjwvc3ZnPg==\" style=\"--smush-placeholder-width: 300px; --smush-placeholder-aspect-ratio: 300\/200;\" \/><\/a>        <\/dt>\n        <dd>\n                                <\/dd>\n    <\/dl>\n\n\n    <dl class=\"gallery-item\">\n        <dt class=\"gallery-icon\">\n        <a data-title=\"\" title=\"\" href=\"https:\/\/tangoberlin.com\/wp-content\/uploads\/2020\/07\/Bildschirmfoto-2020-07-23-um-104151-1-CHICA.png\"><img decoding=\"async\" data-src=\"https:\/\/tangoberlin.com\/wp-content\/uploads\/2020\/07\/Bildschirmfoto-2020-07-23-um-104151-1-CHICA-754x500-300x200.png\" width=\"300\" height=\"200\" class=\"wp-post-image wp-image-1963 lazyload\" title=\"2\" alt=\"2\" data-srcset=\"https:\/\/tangoberlin.com\/wp-content\/uploads\/2020\/07\/Bildschirmfoto-2020-07-23-um-104151-1-CHICA-754x500-300x200.png 300w, https:\/\/tangoberlin.com\/wp-content\/uploads\/2020\/07\/Bildschirmfoto-2020-07-23-um-104151-1-CHICA-754x500.png 754w, https:\/\/tangoberlin.com\/wp-content\/uploads\/2020\/07\/Bildschirmfoto-2020-07-23-um-104151-1-CHICA-768x509.png 768w, https:\/\/tangoberlin.com\/wp-content\/uploads\/2020\/07\/Bildschirmfoto-2020-07-23-um-104151-1-CHICA-1536x1019.png 1536w, https:\/\/tangoberlin.com\/wp-content\/uploads\/2020\/07\/Bildschirmfoto-2020-07-23-um-104151-1-CHICA.png 1800w\" data-sizes=\"(max-width: 300px) 100vw, 300px\" src=\"data:image\/svg+xml;base64,PHN2ZyB3aWR0aD0iMSIgaGVpZ2h0PSIxIiB4bWxucz0iaHR0cDovL3d3dy53My5vcmcvMjAwMC9zdmciPjwvc3ZnPg==\" style=\"--smush-placeholder-width: 300px; --smush-placeholder-aspect-ratio: 300\/200;\" \/><\/a>        <\/dt>\n        <dd>\n                                <\/dd>\n    <\/dl>\n\n\n    <dl class=\"gallery-item\">\n        <dt class=\"gallery-icon\">\n        <a data-title=\"\" title=\"\" href=\"https:\/\/tangoberlin.com\/wp-content\/uploads\/2020\/07\/Bildschirmfoto-2020-07-23-um-104119-CHICA.png\"><img decoding=\"async\" data-src=\"https:\/\/tangoberlin.com\/wp-content\/uploads\/2020\/07\/Bildschirmfoto-2020-07-23-um-104119-CHICA-758x500-300x200.png\" width=\"300\" height=\"200\" class=\"wp-post-image wp-image-1962 lazyload\" title=\"4\" alt=\"4\" src=\"data:image\/svg+xml;base64,PHN2ZyB3aWR0aD0iMSIgaGVpZ2h0PSIxIiB4bWxucz0iaHR0cDovL3d3dy53My5vcmcvMjAwMC9zdmciPjwvc3ZnPg==\" style=\"--smush-placeholder-width: 300px; --smush-placeholder-aspect-ratio: 300\/200;\" \/><\/a>        <\/dt>\n        <dd>\n                                <\/dd>\n    <\/dl>\n\n\n    <dl class=\"gallery-item\">\n        <dt class=\"gallery-icon\">\n        <a data-title=\"\" title=\"\" href=\"https:\/\/tangoberlin.com\/wp-content\/uploads\/2020\/07\/2020-01-30-Claerchens-Ballhaus-Locationfotografie-offenblende-KTO-83-1-CHICA.jpg\"><img decoding=\"async\" data-src=\"https:\/\/tangoberlin.com\/wp-content\/uploads\/2020\/07\/2020-01-30-Claerchens-Ballhaus-Locationfotografie-offenblende-KTO-83-1-CHICA-750x500-300x200.jpg\" width=\"300\" height=\"200\" class=\"wp-post-image wp-image-1961 lazyload\" title=\"3\" alt=\"3\" data-srcset=\"https:\/\/tangoberlin.com\/wp-content\/uploads\/2020\/07\/2020-01-30-Claerchens-Ballhaus-Locationfotografie-offenblende-KTO-83-1-CHICA-750x500-300x200.jpg 300w, https:\/\/tangoberlin.com\/wp-content\/uploads\/2020\/07\/2020-01-30-Claerchens-Ballhaus-Locationfotografie-offenblende-KTO-83-1-CHICA-750x500.jpg 750w, https:\/\/tangoberlin.com\/wp-content\/uploads\/2020\/07\/2020-01-30-Claerchens-Ballhaus-Locationfotografie-offenblende-KTO-83-1-CHICA-768x512.jpg 768w, https:\/\/tangoberlin.com\/wp-content\/uploads\/2020\/07\/2020-01-30-Claerchens-Ballhaus-Locationfotografie-offenblende-KTO-83-1-CHICA-1536x1024.jpg 1536w, https:\/\/tangoberlin.com\/wp-content\/uploads\/2020\/07\/2020-01-30-Claerchens-Ballhaus-Locationfotografie-offenblende-KTO-83-1-CHICA.jpg 1800w\" data-sizes=\"(max-width: 300px) 100vw, 300px\" src=\"data:image\/svg+xml;base64,PHN2ZyB3aWR0aD0iMSIgaGVpZ2h0PSIxIiB4bWxucz0iaHR0cDovL3d3dy53My5vcmcvMjAwMC9zdmciPjwvc3ZnPg==\" style=\"--smush-placeholder-width: 300px; --smush-placeholder-aspect-ratio: 300\/200;\" \/><\/a>        <\/dt>\n        <dd>\n                                <\/dd>\n    <\/dl>\n\n\n    <dl class=\"gallery-item\">\n        <dt class=\"gallery-icon\">\n        <a data-title=\"\" title=\"\" href=\"https:\/\/tangoberlin.com\/wp-content\/uploads\/2020\/07\/2020-01-30-Claerchens-Ballhaus-Locationfotografie-offenblende-KTO-128CHICA.jpg\"><img decoding=\"async\" data-src=\"https:\/\/tangoberlin.com\/wp-content\/uploads\/2020\/07\/2020-01-30-Claerchens-Ballhaus-Locationfotografie-offenblende-KTO-128CHICA-750x500-300x200.jpg\" width=\"300\" height=\"200\" class=\"wp-post-image wp-image-1960 lazyload\" title=\"2020-01-30-Claerchens-Ballhaus-Locationfotografie-offenblende-KTO-128CHICA\" alt=\"2020-01-30-Claerchens-Ballhaus-Locationfotografie-offenblende-KTO-128CHICA\" data-srcset=\"https:\/\/tangoberlin.com\/wp-content\/uploads\/2020\/07\/2020-01-30-Claerchens-Ballhaus-Locationfotografie-offenblende-KTO-128CHICA-750x500-300x200.jpg 300w, https:\/\/tangoberlin.com\/wp-content\/uploads\/2020\/07\/2020-01-30-Claerchens-Ballhaus-Locationfotografie-offenblende-KTO-128CHICA-750x500.jpg 750w, https:\/\/tangoberlin.com\/wp-content\/uploads\/2020\/07\/2020-01-30-Claerchens-Ballhaus-Locationfotografie-offenblende-KTO-128CHICA-768x512.jpg 768w, https:\/\/tangoberlin.com\/wp-content\/uploads\/2020\/07\/2020-01-30-Claerchens-Ballhaus-Locationfotografie-offenblende-KTO-128CHICA-1536x1024.jpg 1536w, https:\/\/tangoberlin.com\/wp-content\/uploads\/2020\/07\/2020-01-30-Claerchens-Ballhaus-Locationfotografie-offenblende-KTO-128CHICA.jpg 1800w\" data-sizes=\"(max-width: 300px) 100vw, 300px\" src=\"data:image\/svg+xml;base64,PHN2ZyB3aWR0aD0iMSIgaGVpZ2h0PSIxIiB4bWxucz0iaHR0cDovL3d3dy53My5vcmcvMjAwMC9zdmciPjwvc3ZnPg==\" style=\"--smush-placeholder-width: 300px; --smush-placeholder-aspect-ratio: 300\/200;\" \/><\/a>        <\/dt>\n        <dd>\n                                <\/dd>\n    <\/dl>\n\n<br style=\"clear: both\" \/>\n\n    <\/div>\n    <!-- \/module gallery -->\n\t        <\/div>\n\t    \t<\/div>\n\t\t    <\/div>\n\t    <!-- \/row_inner -->\n\t<\/div>\n\t<!-- \/module_row -->\n\t<\/div>","protected":false},"excerpt":{"rendered":"<p>TANGO IN CL\u00c4RCHENS BALLHAUS \u00a0 Genie\u00dfe einen einzigartigen Abend in Berlin. Wir laden dich ein, ein unvergessliches Erlebnis in einem der charmantesten Orte Berlins zu erleben! Jeden Mittwoch bist du herzlich eingeladen, uns im ersten Stock des Cl\u00e4rchens Ballhaus zu besuchen, wo sich der Spiegelsaal befindet. Dieser bezaubernde Saal hat seine originale \u00c4sthetik aus den [&hellip;]<\/p>","protected":false},"author":1,"featured_media":0,"parent":0,"menu_order":0,"comment_status":"closed","ping_status":"closed","template":"","meta":{"footnotes":""},"class_list":["post-3952","page","type-page","status-publish","hentry","has-post-title","has-post-date","has-post-category","has-post-tag","has-post-comment","has-post-author",""],"yoast_head":"<!-- This site is optimized with the Yoast SEO plugin v27.3 - https:\/\/yoast.com\/product\/yoast-seo-wordpress\/ -->\n<title>Tango Cl\u00e4rchens Ballhaus - Tango Berlin<\/title>\n<meta name=\"description\" content=\"Tango tanzen und lernen in Berlin mit argentinischen Lehrer. Kurse f\u00fcr Anf\u00e4nger und Fortgeschrittene. Tangokurse in Cl\u00e4rchens Ballhaus (Berlin-Mitte).\" \/>\n<meta name=\"robots\" content=\"index, follow, max-snippet:-1, max-image-preview:large, max-video-preview:-1\" \/>\n<link rel=\"canonical\" href=\"https:\/\/tangoberlin.com\/en\/tango-claerchens-ballhaus\/\" \/>\n<meta property=\"og:locale\" content=\"en_GB\" \/>\n<meta property=\"og:type\" content=\"article\" \/>\n<meta property=\"og:title\" content=\"Tango Cl\u00e4rchens Ballhaus - Tango Berlin\" \/>\n<meta property=\"og:description\" content=\"Tango tanzen und lernen in Berlin mit argentinischen Lehrer. Kurse f\u00fcr Anf\u00e4nger und Fortgeschrittene. Tangokurse in Cl\u00e4rchens Ballhaus (Berlin-Mitte).\" \/>\n<meta property=\"og:url\" content=\"https:\/\/tangoberlin.com\/en\/tango-claerchens-ballhaus\/\" \/>\n<meta property=\"og:site_name\" content=\"Tango Berlin\" \/>\n<meta property=\"article:publisher\" content=\"https:\/\/www.facebook.com\/TangoBer\" \/>\n<meta property=\"article:modified_time\" content=\"2025-01-07T10:31:27+00:00\" \/>\n<meta name=\"twitter:card\" content=\"summary_large_image\" \/>\n<meta name=\"twitter:label1\" content=\"Estimated reading time\" \/>\n\t<meta name=\"twitter:data1\" content=\"1 minute\" \/>\n<script type=\"application\/ld+json\" class=\"yoast-schema-graph\">{\"@context\":\"https:\\\/\\\/schema.org\",\"@graph\":[{\"@type\":\"WebPage\",\"@id\":\"https:\\\/\\\/tangoberlin.com\\\/tango-claerchens-ballhaus\\\/\",\"url\":\"https:\\\/\\\/tangoberlin.com\\\/tango-claerchens-ballhaus\\\/\",\"name\":\"Tango Cl\u00e4rchens Ballhaus - Tango Berlin\",\"isPartOf\":{\"@id\":\"https:\\\/\\\/tangoberlin.com\\\/#website\"},\"datePublished\":\"2024-09-24T10:19:33+00:00\",\"dateModified\":\"2025-01-07T10:31:27+00:00\",\"description\":\"Tango tanzen und lernen in Berlin mit argentinischen Lehrer. Kurse f\u00fcr Anf\u00e4nger und Fortgeschrittene. Tangokurse in Cl\u00e4rchens Ballhaus (Berlin-Mitte).\",\"breadcrumb\":{\"@id\":\"https:\\\/\\\/tangoberlin.com\\\/tango-claerchens-ballhaus\\\/#breadcrumb\"},\"inLanguage\":\"en-GB\",\"potentialAction\":[{\"@type\":\"ReadAction\",\"target\":[\"https:\\\/\\\/tangoberlin.com\\\/tango-claerchens-ballhaus\\\/\"]}]},{\"@type\":\"BreadcrumbList\",\"@id\":\"https:\\\/\\\/tangoberlin.com\\\/tango-claerchens-ballhaus\\\/#breadcrumb\",\"itemListElement\":[{\"@type\":\"ListItem\",\"position\":1,\"name\":\"Home\",\"item\":\"https:\\\/\\\/tangoberlin.com\\\/\"},{\"@type\":\"ListItem\",\"position\":2,\"name\":\"Tango Cl\u00e4rchens Ballhaus\"}]},{\"@type\":\"WebSite\",\"@id\":\"https:\\\/\\\/tangoberlin.com\\\/#website\",\"url\":\"https:\\\/\\\/tangoberlin.com\\\/\",\"name\":\"Tango Berlin\",\"description\":\"Tango by Juliana &amp; Santiago\",\"publisher\":{\"@id\":\"https:\\\/\\\/tangoberlin.com\\\/#organization\"},\"potentialAction\":[{\"@type\":\"SearchAction\",\"target\":{\"@type\":\"EntryPoint\",\"urlTemplate\":\"https:\\\/\\\/tangoberlin.com\\\/?s={search_term_string}\"},\"query-input\":{\"@type\":\"PropertyValueSpecification\",\"valueRequired\":true,\"valueName\":\"search_term_string\"}}],\"inLanguage\":\"en-GB\"},{\"@type\":\"Organization\",\"@id\":\"https:\\\/\\\/tangoberlin.com\\\/#organization\",\"name\":\"Tango Berlin\",\"url\":\"https:\\\/\\\/tangoberlin.com\\\/\",\"logo\":{\"@type\":\"ImageObject\",\"inLanguage\":\"en-GB\",\"@id\":\"https:\\\/\\\/tangoberlin.com\\\/#\\\/schema\\\/logo\\\/image\\\/\",\"url\":\"https:\\\/\\\/tangoberlin.com\\\/wp-content\\\/uploads\\\/2020\\\/07\\\/Logo-recortado.png\",\"contentUrl\":\"https:\\\/\\\/tangoberlin.com\\\/wp-content\\\/uploads\\\/2020\\\/07\\\/Logo-recortado.png\",\"width\":988,\"height\":256,\"caption\":\"Tango Berlin\"},\"image\":{\"@id\":\"https:\\\/\\\/tangoberlin.com\\\/#\\\/schema\\\/logo\\\/image\\\/\"},\"sameAs\":[\"https:\\\/\\\/www.facebook.com\\\/TangoBer\",\"https:\\\/\\\/www.instagram.com\\\/onlinetangoclasses\\\/\",\"https:\\\/\\\/www.youtube.com\\\/channel\\\/UC5yFV4lAURhkzPUEUTU80hQ\"]}]}<\/script>\n<!-- \/ Yoast SEO plugin. -->","yoast_head_json":{"title":"Tango Cl\u00e4rchens Ballhaus - Tango Berlin","description":"Tango tanzen und lernen in Berlin mit argentinischen Lehrer. Kurse f\u00fcr Anf\u00e4nger und Fortgeschrittene. Tangokurse in Cl\u00e4rchens Ballhaus (Berlin-Mitte).","robots":{"index":"index","follow":"follow","max-snippet":"max-snippet:-1","max-image-preview":"max-image-preview:large","max-video-preview":"max-video-preview:-1"},"canonical":"https:\/\/tangoberlin.com\/en\/tango-claerchens-ballhaus\/","og_locale":"en_GB","og_type":"article","og_title":"Tango Cl\u00e4rchens Ballhaus - Tango Berlin","og_description":"Tango tanzen und lernen in Berlin mit argentinischen Lehrer. Kurse f\u00fcr Anf\u00e4nger und Fortgeschrittene. Tangokurse in Cl\u00e4rchens Ballhaus (Berlin-Mitte).","og_url":"https:\/\/tangoberlin.com\/en\/tango-claerchens-ballhaus\/","og_site_name":"Tango Berlin","article_publisher":"https:\/\/www.facebook.com\/TangoBer","article_modified_time":"2025-01-07T10:31:27+00:00","twitter_card":"summary_large_image","twitter_misc":{"Estimated reading time":"1 minute"},"schema":{"@context":"https:\/\/schema.org","@graph":[{"@type":"WebPage","@id":"https:\/\/tangoberlin.com\/tango-claerchens-ballhaus\/","url":"https:\/\/tangoberlin.com\/tango-claerchens-ballhaus\/","name":"Tango Cl\u00e4rchens Ballhaus - Tango Berlin","isPartOf":{"@id":"https:\/\/tangoberlin.com\/#website"},"datePublished":"2024-09-24T10:19:33+00:00","dateModified":"2025-01-07T10:31:27+00:00","description":"Tango tanzen und lernen in Berlin mit argentinischen Lehrer. Kurse f\u00fcr Anf\u00e4nger und Fortgeschrittene. Tangokurse in Cl\u00e4rchens Ballhaus (Berlin-Mitte).","breadcrumb":{"@id":"https:\/\/tangoberlin.com\/tango-claerchens-ballhaus\/#breadcrumb"},"inLanguage":"en-GB","potentialAction":[{"@type":"ReadAction","target":["https:\/\/tangoberlin.com\/tango-claerchens-ballhaus\/"]}]},{"@type":"BreadcrumbList","@id":"https:\/\/tangoberlin.com\/tango-claerchens-ballhaus\/#breadcrumb","itemListElement":[{"@type":"ListItem","position":1,"name":"Home","item":"https:\/\/tangoberlin.com\/"},{"@type":"ListItem","position":2,"name":"Tango Cl\u00e4rchens Ballhaus"}]},{"@type":"WebSite","@id":"https:\/\/tangoberlin.com\/#website","url":"https:\/\/tangoberlin.com\/","name":"Tango Berlin","description":"Tango by Juliana &amp; Santiago","publisher":{"@id":"https:\/\/tangoberlin.com\/#organization"},"potentialAction":[{"@type":"SearchAction","target":{"@type":"EntryPoint","urlTemplate":"https:\/\/tangoberlin.com\/?s={search_term_string}"},"query-input":{"@type":"PropertyValueSpecification","valueRequired":true,"valueName":"search_term_string"}}],"inLanguage":"en-GB"},{"@type":"Organization","@id":"https:\/\/tangoberlin.com\/#organization","name":"Tango Berlin","url":"https:\/\/tangoberlin.com\/","logo":{"@type":"ImageObject","inLanguage":"en-GB","@id":"https:\/\/tangoberlin.com\/#\/schema\/logo\/image\/","url":"https:\/\/tangoberlin.com\/wp-content\/uploads\/2020\/07\/Logo-recortado.png","contentUrl":"https:\/\/tangoberlin.com\/wp-content\/uploads\/2020\/07\/Logo-recortado.png","width":988,"height":256,"caption":"Tango Berlin"},"image":{"@id":"https:\/\/tangoberlin.com\/#\/schema\/logo\/image\/"},"sameAs":["https:\/\/www.facebook.com\/TangoBer","https:\/\/www.instagram.com\/onlinetangoclasses\/","https:\/\/www.youtube.com\/channel\/UC5yFV4lAURhkzPUEUTU80hQ"]}]}},"builder_content":"<h1 style=\"text-align: center;\">TANGO IN CL\u00c4RCHENS BALLHAUS<\/h1> <p>\u00a0<\/p>\n<p>Genie\u00dfe einen einzigartigen Abend in Berlin.<\/p> <p>Wir laden dich ein, ein unvergessliches Erlebnis in einem der charmantesten Orte Berlins zu erleben!<\/p> <p>Jeden Mittwoch bist du herzlich eingeladen, uns im ersten Stock des Cl\u00e4rchens Ballhaus zu besuchen, wo sich der Spiegelsaal befindet.<\/p> <p>Dieser bezaubernde Saal hat seine originale \u00c4sthetik aus den Anf\u00e4ngen des letzten Jahrhunderts bewahrt und schafft eine magische Atmosph\u00e4re zum Tanzen.<\/p> <p>Seit 1913 ist dieser wundersch\u00f6ne Raum ein Tanzsaal, und es ist uns eine wahre Ehre, diese Tradition fortzusetzen.<\/p> <p>Lass dir das nicht entgehen!<\/p> <p>\u00a0<\/p>\n<p>Programm:<\/p> <p>- 18:30 bis 19:30 Uhr: Anf\u00e4ngerkurs (mit Juliana &amp; Santiago)<br \/>- 19:30 bis 20:30 Uhr: Kurs f\u00fcr Mittelstufe und Fortgeschrittene Niveaus (mit Juliana &amp; Santiago)<\/p> <p>Die Kurse sind offen (keine vorherige Anmeldung erforderlich), man kann alleine oder mit Partner\/in kommen.<\/p> <p>- 20:30 bis 00:00 Uhr: Milonga (Tango Party)<\/p> <p>Preise:<\/p> <p>1 Kurs: 15 \u20ac (pro Person)<br \/>Milonga: 10 \u20ac (pro Person)<br \/>Kurs + Milonga: 20 \u20ac (pro Person)<\/p> <p>Adresse: Auguststra\u00dfe 24\/25, 10117 Berlin.<\/p>\n[gallery ids=\"2699,2097,2001,2000,1963,1962,1961,1960\"]","_links":{"self":[{"href":"https:\/\/tangoberlin.com\/en\/wp-json\/wp\/v2\/pages\/3952","targetHints":{"allow":["GET"]}}],"collection":[{"href":"https:\/\/tangoberlin.com\/en\/wp-json\/wp\/v2\/pages"}],"about":[{"href":"https:\/\/tangoberlin.com\/en\/wp-json\/wp\/v2\/types\/page"}],"author":[{"embeddable":true,"href":"https:\/\/tangoberlin.com\/en\/wp-json\/wp\/v2\/users\/1"}],"replies":[{"embeddable":true,"href":"https:\/\/tangoberlin.com\/en\/wp-json\/wp\/v2\/comments?post=3952"}],"version-history":[{"count":7,"href":"https:\/\/tangoberlin.com\/en\/wp-json\/wp\/v2\/pages\/3952\/revisions"}],"predecessor-version":[{"id":3989,"href":"https:\/\/tangoberlin.com\/en\/wp-json\/wp\/v2\/pages\/3952\/revisions\/3989"}],"wp:attachment":[{"href":"https:\/\/tangoberlin.com\/en\/wp-json\/wp\/v2\/media?parent=3952"}],"curies":[{"name":"wp","href":"https:\/\/api.w.org\/{rel}","templated":true}]}}