{"id":2134,"date":"2020-08-21T23:03:48","date_gmt":"2020-08-21T21:03:48","guid":{"rendered":"https:\/\/tangoberlin.com\/?page_id=2134"},"modified":"2024-02-08T15:31:08","modified_gmt":"2024-02-08T14:31:08","slug":"more-about-us","status":"publish","type":"page","link":"https:\/\/tangoberlin.com\/en\/more-about-us\/","title":{"rendered":"More about us"},"content":{"rendered":"<div id=\"themify_builder_content-2134\" data-postid=\"2134\" class=\"themify_builder_content themify_builder_content-2134 themify_builder\">\n    \t<!-- module_row -->\n\t<div   class=\"themify_builder_row module_row clearfix module_row_0 themify_builder_2134_row module_row_2134-0 tb_57lr517\">\n\t    \t    <div class=\"row_inner col_align_top\" >\n\t\t\t<div  class=\"module_column tb-column col-full first tb_2134_column module_column_0 module_column_2134-0-0 tb_hu2r518\">\n\t    \t    \t        <div class=\"tb-column-inner\">\n\t\t    \t<div  class=\"themify_builder_sub_row module_subrow clearfix repeat sub_row_0-0-0 tb_ly8j518\" >\n\t    \t    <div class=\"subrow_inner gutter-none col_align_middle\"   data-mobile_dir=\"rtl\">\n\t\t\t<div style=\"width:54%;\" class=\"sub_column module_column col2-1 first sub_column_post_2134 sub_column_0-0-0-0 tb_8a28519 repeat\" > \n\t    \t    \t        <div class=\"tb-column-inner\">\n\t\t            <!-- module fancy heading -->\n    <div  class=\"module module-fancy-heading tb_sarn520\">\n\t        <h2 class=\"fancy-heading tb-align-left\">\n        <span  class=\"main-head\">\n            Juliana        <\/span>\n        <span class=\"sub-head tb_hide_divider\">\n                    <\/span>\n\n        <\/h2>\n    <\/div>\n    <!-- \/module fancy heading -->\n<!-- module text -->\n<div  class=\"module module-text tb_wxnw521\">\n            <div  class=\"tb_text_wrap\">\n    <p>Juliana was born in Buenos Aires, where she took dance classes and did rhythmic gymnastics from an early age. In her teenage years, her passion for jazz dance was sparked and she also studied ballet. Following this, she worked as a dance teacher for children and adults at the renowned dance studio \"Noem\u00ed Cohelo and Rodolfo Olgu\u00edn\" in Buenos Aires.<\/p>\n<p>At the age of 18, she fell in love with tango dancing and since 2012 she has dedicated herself to professional dancing and teaching. She has participated in international tango festivals in various cities around the world, held seminars, and been invited to shows in Denmark, Italy, Greece, Romania, Bulgaria, Moldova, Russia and Turkey.<\/p>\n<p>In addition to her career as a dancer, Juliana has a degree in politics and cultural administration.<\/p>    <\/div>\n<\/div>\n<!-- \/module text -->\n\t        <\/div>\n\t    \t<\/div>\n\t\t<div style=\"width:46%;\" class=\"sub_column module_column col2-1 last sub_column_post_2134 sub_column_0-0-0-1 tb_6kjv522 fullcover\" > \n\t    \t    \t<\/div>\n\t\t    <\/div>\n\t<\/div><!-- \/themify_builder_sub_row -->\n\t\t        <\/div>\n\t    \t<\/div>\n\t\t    <\/div>\n\t    <!-- \/row_inner -->\n\t<\/div>\n\t<!-- \/module_row -->\n\t\t<!-- module_row -->\n\t<div   class=\"themify_builder_row module_row clearfix module_row_1 themify_builder_2134_row module_row_2134-1 tb_gxwl650\">\n\t    \t    <div class=\"row_inner col_align_top\" >\n\t\t\t<div  class=\"module_column tb-column col-full first tb_2134_column module_column_0 module_column_2134-1-0 tb_16sl651\">\n\t    \t    \t        <div class=\"tb-column-inner\">\n\t\t    \t<div  class=\"themify_builder_sub_row module_subrow clearfix repeat sub_row_1-0-0 tb_8v33652\" >\n\t    \t    <div class=\"subrow_inner gutter-none col_align_middle\"   data-mobile_dir=\"rtl\">\n\t\t\t<div style=\"width:54%;\" class=\"sub_column module_column col2-1 first sub_column_post_2134 sub_column_1-0-0-0 tb_fgqw652 repeat\" > \n\t    \t    \t        <div class=\"tb-column-inner\">\n\t\t            <!-- module fancy heading -->\n    <div  class=\"module module-fancy-heading tb_jxii653\">\n\t        <h2 class=\"fancy-heading tb-align-left\">\n        <span  class=\"main-head\">\n            Santiago        <\/span>\n        <span class=\"sub-head tb_hide_divider\">\n                    <\/span>\n\n        <\/h2>\n    <\/div>\n    <!-- \/module fancy heading -->\n<!-- module text -->\n<div  class=\"module module-text tb_c5q5654\">\n            <div  class=\"tb_text_wrap\">\n    <p>Geboren wurde Santiago in Buenos Aires und interessierte sich schon im fr\u00fchen Alter f\u00fcr Musik und Kampfkunst. Er trainierte auf h\u00f6herem Niveau das \u201eWing Chung System\u201c und seitdem wuchs kontinuierlich seine Liebe f\u00fcr das Unterrichten von Bewegungsk\u00fcnsten. Im Jahre 2000 begann er mit dem Tango tanzen und war seither in der Lage, seine Leidenschaft f\u00fcr Bewegung und Musik zu vereinen. Parallel zu seinem Tangotraining, lernte er Ballett, Contemporary Dance und weitere Str\u00f6mungen, wie Luftakrobatik und Pantomime.<\/p>\n<p>He had the opportunity to work in companies such as \"Se\u00f1or Tango\" or \"Brenda Angiel's Aerial Dance Company\" and was also part of the classical ballet of the province of Salta in Argentina and the dance theater in G\u00f6rlitz, Germany.<\/p>\n<p>He continued to work as a dancer and dance teacher in various cities around the world, such as Buenos Aires, Tokyo, London and Berlin, where he has been living since 2011 and where he founded his own dance school.<\/p>\n<p>In addition to his career as a dancer, Santiago completed a degree in Psychology at the University of Buenos Aires and is a licensed psychotherapist in Germany (psychodynamic psychotherapy TP).<\/p>\n<div id=\"gtx-trans\" style=\"position: absolute; left: 339px; top: 422px;\">\n<div class=\"gtx-trans-icon\">\u00a0<\/div>\n<\/div>    <\/div>\n<\/div>\n<!-- \/module text -->\n\t        <\/div>\n\t    \t<\/div>\n\t\t<div style=\"width:46%;\" class=\"sub_column module_column col2-1 last sub_column_post_2134 sub_column_1-0-0-1 tb_n5an654 fullcover\" > \n\t    \t    \t<\/div>\n\t\t    <\/div>\n\t<\/div><!-- \/themify_builder_sub_row -->\n\t\t        <\/div>\n\t    \t<\/div>\n\t\t    <\/div>\n\t    <!-- \/row_inner -->\n\t<\/div>\n\t<!-- \/module_row -->\n\t<\/div>","protected":false},"excerpt":{"rendered":"<p>Juliana Geboren wurde Juliana in Buenos Aires und nahm von klein auf Tanzstunden und machte rhythmische Gymnastik. Im Jugendalter wurde ihre Leidenschaft f\u00fcr Jazztanz geweckt und sie studierte Ballett. Folgend arbeitete sie als Tanzlehrerin f\u00fcr Kinder und Erwachsene im bekannten und renommierten Tanzstudio \u201eNoem\u00ed Cohelo and Rodolfo Olgu\u00edn\u201c in Buenos Aires. Im Alter von 18 [&hellip;]<\/p>","protected":false},"author":1,"featured_media":0,"parent":0,"menu_order":0,"comment_status":"closed","ping_status":"closed","template":"","meta":{"footnotes":""},"class_list":["post-2134","page","type-page","status-publish","hentry","has-post-title","has-post-date","has-post-category","has-post-tag","has-post-comment","has-post-author",""],"yoast_head":"<!-- This site is optimized with the Yoast SEO plugin v27.4 - https:\/\/yoast.com\/product\/yoast-seo-wordpress\/ -->\n<title>Tangokurse in Berlin mit argentinischen T\u00e4nzern.<\/title>\n<meta name=\"description\" content=\"Juliana Aparicio und Santiago Hernandez. Argentinische Tangot\u00e4nzer in Berlin. Sie unterrichten Tangokurse f\u00fcr alle Niveaus.\" \/>\n<meta name=\"robots\" content=\"index, follow, max-snippet:-1, max-image-preview:large, max-video-preview:-1\" \/>\n<link rel=\"canonical\" href=\"https:\/\/tangoberlin.com\/en\/more-about-us\/\" \/>\n<meta property=\"og:locale\" content=\"en_GB\" \/>\n<meta property=\"og:type\" content=\"article\" \/>\n<meta property=\"og:title\" content=\"Tangokurse in Berlin mit argentinischen T\u00e4nzern.\" \/>\n<meta property=\"og:description\" content=\"Juliana Aparicio und Santiago Hernandez. Argentinische Tangot\u00e4nzer in Berlin. Sie unterrichten Tangokurse f\u00fcr alle Niveaus.\" \/>\n<meta property=\"og:url\" content=\"https:\/\/tangoberlin.com\/en\/more-about-us\/\" \/>\n<meta property=\"og:site_name\" content=\"Tango Berlin\" \/>\n<meta property=\"article:publisher\" content=\"https:\/\/www.facebook.com\/TangoBer\" \/>\n<meta property=\"article:modified_time\" content=\"2024-02-08T14:31:08+00:00\" \/>\n<meta name=\"twitter:card\" content=\"summary_large_image\" \/>\n<script type=\"application\/ld+json\" class=\"yoast-schema-graph\">{\"@context\":\"https:\\\/\\\/schema.org\",\"@graph\":[{\"@type\":\"WebPage\",\"@id\":\"https:\\\/\\\/tangoberlin.com\\\/more-about-us\\\/\",\"url\":\"https:\\\/\\\/tangoberlin.com\\\/more-about-us\\\/\",\"name\":\"Tangokurse in Berlin mit argentinischen T\u00e4nzern.\",\"isPartOf\":{\"@id\":\"https:\\\/\\\/tangoberlin.com\\\/#website\"},\"datePublished\":\"2020-08-21T21:03:48+00:00\",\"dateModified\":\"2024-02-08T14:31:08+00:00\",\"description\":\"Juliana Aparicio und Santiago Hernandez. Argentinische Tangot\u00e4nzer in Berlin. Sie unterrichten Tangokurse f\u00fcr alle Niveaus.\",\"breadcrumb\":{\"@id\":\"https:\\\/\\\/tangoberlin.com\\\/more-about-us\\\/#breadcrumb\"},\"inLanguage\":\"en-GB\",\"potentialAction\":[{\"@type\":\"ReadAction\",\"target\":[\"https:\\\/\\\/tangoberlin.com\\\/more-about-us\\\/\"]}]},{\"@type\":\"BreadcrumbList\",\"@id\":\"https:\\\/\\\/tangoberlin.com\\\/more-about-us\\\/#breadcrumb\",\"itemListElement\":[{\"@type\":\"ListItem\",\"position\":1,\"name\":\"Home\",\"item\":\"https:\\\/\\\/tangoberlin.com\\\/\"},{\"@type\":\"ListItem\",\"position\":2,\"name\":\"More about us\"}]},{\"@type\":\"WebSite\",\"@id\":\"https:\\\/\\\/tangoberlin.com\\\/#website\",\"url\":\"https:\\\/\\\/tangoberlin.com\\\/\",\"name\":\"Tango Berlin\",\"description\":\"Tango by Juliana &amp; Santiago\",\"publisher\":{\"@id\":\"https:\\\/\\\/tangoberlin.com\\\/#organization\"},\"potentialAction\":[{\"@type\":\"SearchAction\",\"target\":{\"@type\":\"EntryPoint\",\"urlTemplate\":\"https:\\\/\\\/tangoberlin.com\\\/?s={search_term_string}\"},\"query-input\":{\"@type\":\"PropertyValueSpecification\",\"valueRequired\":true,\"valueName\":\"search_term_string\"}}],\"inLanguage\":\"en-GB\"},{\"@type\":\"Organization\",\"@id\":\"https:\\\/\\\/tangoberlin.com\\\/#organization\",\"name\":\"Tango Berlin\",\"url\":\"https:\\\/\\\/tangoberlin.com\\\/\",\"logo\":{\"@type\":\"ImageObject\",\"inLanguage\":\"en-GB\",\"@id\":\"https:\\\/\\\/tangoberlin.com\\\/#\\\/schema\\\/logo\\\/image\\\/\",\"url\":\"https:\\\/\\\/tangoberlin.com\\\/wp-content\\\/uploads\\\/2020\\\/07\\\/Logo-recortado.png\",\"contentUrl\":\"https:\\\/\\\/tangoberlin.com\\\/wp-content\\\/uploads\\\/2020\\\/07\\\/Logo-recortado.png\",\"width\":988,\"height\":256,\"caption\":\"Tango Berlin\"},\"image\":{\"@id\":\"https:\\\/\\\/tangoberlin.com\\\/#\\\/schema\\\/logo\\\/image\\\/\"},\"sameAs\":[\"https:\\\/\\\/www.facebook.com\\\/TangoBer\",\"https:\\\/\\\/www.instagram.com\\\/onlinetangoclasses\\\/\",\"https:\\\/\\\/www.youtube.com\\\/channel\\\/UC5yFV4lAURhkzPUEUTU80hQ\"]}]}<\/script>\n<!-- \/ Yoast SEO plugin. -->","yoast_head_json":{"title":"Tangokurse in Berlin mit argentinischen T\u00e4nzern.","description":"Juliana Aparicio und Santiago Hernandez. Argentinische Tangot\u00e4nzer in Berlin. Sie unterrichten Tangokurse f\u00fcr alle Niveaus.","robots":{"index":"index","follow":"follow","max-snippet":"max-snippet:-1","max-image-preview":"max-image-preview:large","max-video-preview":"max-video-preview:-1"},"canonical":"https:\/\/tangoberlin.com\/en\/more-about-us\/","og_locale":"en_GB","og_type":"article","og_title":"Tangokurse in Berlin mit argentinischen T\u00e4nzern.","og_description":"Juliana Aparicio und Santiago Hernandez. Argentinische Tangot\u00e4nzer in Berlin. Sie unterrichten Tangokurse f\u00fcr alle Niveaus.","og_url":"https:\/\/tangoberlin.com\/en\/more-about-us\/","og_site_name":"Tango Berlin","article_publisher":"https:\/\/www.facebook.com\/TangoBer","article_modified_time":"2024-02-08T14:31:08+00:00","twitter_card":"summary_large_image","schema":{"@context":"https:\/\/schema.org","@graph":[{"@type":"WebPage","@id":"https:\/\/tangoberlin.com\/more-about-us\/","url":"https:\/\/tangoberlin.com\/more-about-us\/","name":"Tangokurse in Berlin mit argentinischen T\u00e4nzern.","isPartOf":{"@id":"https:\/\/tangoberlin.com\/#website"},"datePublished":"2020-08-21T21:03:48+00:00","dateModified":"2024-02-08T14:31:08+00:00","description":"Juliana Aparicio und Santiago Hernandez. Argentinische Tangot\u00e4nzer in Berlin. Sie unterrichten Tangokurse f\u00fcr alle Niveaus.","breadcrumb":{"@id":"https:\/\/tangoberlin.com\/more-about-us\/#breadcrumb"},"inLanguage":"en-GB","potentialAction":[{"@type":"ReadAction","target":["https:\/\/tangoberlin.com\/more-about-us\/"]}]},{"@type":"BreadcrumbList","@id":"https:\/\/tangoberlin.com\/more-about-us\/#breadcrumb","itemListElement":[{"@type":"ListItem","position":1,"name":"Home","item":"https:\/\/tangoberlin.com\/"},{"@type":"ListItem","position":2,"name":"More about us"}]},{"@type":"WebSite","@id":"https:\/\/tangoberlin.com\/#website","url":"https:\/\/tangoberlin.com\/","name":"Tango Berlin","description":"Tango by Juliana &amp; Santiago","publisher":{"@id":"https:\/\/tangoberlin.com\/#organization"},"potentialAction":[{"@type":"SearchAction","target":{"@type":"EntryPoint","urlTemplate":"https:\/\/tangoberlin.com\/?s={search_term_string}"},"query-input":{"@type":"PropertyValueSpecification","valueRequired":true,"valueName":"search_term_string"}}],"inLanguage":"en-GB"},{"@type":"Organization","@id":"https:\/\/tangoberlin.com\/#organization","name":"Tango Berlin","url":"https:\/\/tangoberlin.com\/","logo":{"@type":"ImageObject","inLanguage":"en-GB","@id":"https:\/\/tangoberlin.com\/#\/schema\/logo\/image\/","url":"https:\/\/tangoberlin.com\/wp-content\/uploads\/2020\/07\/Logo-recortado.png","contentUrl":"https:\/\/tangoberlin.com\/wp-content\/uploads\/2020\/07\/Logo-recortado.png","width":988,"height":256,"caption":"Tango Berlin"},"image":{"@id":"https:\/\/tangoberlin.com\/#\/schema\/logo\/image\/"},"sameAs":["https:\/\/www.facebook.com\/TangoBer","https:\/\/www.instagram.com\/onlinetangoclasses\/","https:\/\/www.youtube.com\/channel\/UC5yFV4lAURhkzPUEUTU80hQ"]}]}},"builder_content":"<h2>Juliana<br\/><\/h2>\n<p>Geboren wurde Juliana in Buenos Aires und nahm von klein auf Tanzstunden und machte rhythmische Gymnastik. Im Jugendalter wurde ihre Leidenschaft f\u00fcr Jazztanz geweckt und sie studierte Ballett. Folgend arbeitete sie als Tanzlehrerin f\u00fcr Kinder und Erwachsene im bekannten und renommierten Tanzstudio \u201eNoem\u00ed Cohelo and Rodolfo Olgu\u00edn\u201c in Buenos Aires.<\/p> <p>Im Alter von 18 Jahren verliebte sie sich ins Tango tanzen und seit 2012 widmete sie sich dem professionellen Tanzen und dessen Lehre. Sie nahm an internationalen Tangofestivals in verschiedensten St\u00e4dten auf der ganzen Welt teil, hielt Seminare und war auf Shows in D\u00e4nemark, Italien, Griechenland, Rum\u00e4nien, Bulgarien, Moldavien, Russland und der T\u00fcrkei eingeladen.<\/p> <p>Neben ihrer Karriere als T\u00e4nzerin hat Juliana einen Abschluss in Politik und Kulturverwaltung.<\/p>\n<h2>Santiago<br\/><\/h2>\n<p>Geboren wurde Santiago in Buenos Aires und interessierte sich schon im fr\u00fchen Alter f\u00fcr Musik und Kampfkunst. Er trainierte auf h\u00f6herem Niveau das \u201eWing Chung System\u201c und seitdem wuchs kontinuierlich seine Liebe f\u00fcr das Unterrichten von Bewegungsk\u00fcnsten. Im Jahre 2000 begann er mit dem Tango tanzen und war seither in der Lage, seine Leidenschaft f\u00fcr Bewegung und Musik zu vereinen. Parallel zu seinem Tangotraining, lernte er Ballett, Contemporary Dance und weitere Str\u00f6mungen, wie Luftakrobatik und Pantomime.<\/p> <p>Er hatte die M\u00f6glichkeit in Unternehmen wie \u201eSe\u00f1or Tango\u201c oder \u201eBrenda Angiel\u2019s Tanz-Ensemble\u201c zu arbeiten und war zudem Teil des klassischen Ballets der Provinz Salta in Argentinien und des Tanztheaters im deutschen G\u00f6rlitz.<\/p> <p>Weiterhin arbeitete er als T\u00e4nzer und Tanzlehrer in diversen St\u00e4dten rund um den Globus, wie Buenos Aires, Tokio, London und Berlin, wo er seit 2011 wohnhaft ist und er seine eigene Tanzschule gr\u00fcndete.<\/p> <p>Parallel zu seiner Laufbahn als T\u00e4nzer, machte Santiago seinen Abschluss in Psychologie an der Universit\u00e4t in Buenos Aires und ist in Deutschland approbierter Psychotherapeut (tiefenpsychologische Psychotherapie).<\/p>\n\u00a0","_links":{"self":[{"href":"https:\/\/tangoberlin.com\/en\/wp-json\/wp\/v2\/pages\/2134","targetHints":{"allow":["GET"]}}],"collection":[{"href":"https:\/\/tangoberlin.com\/en\/wp-json\/wp\/v2\/pages"}],"about":[{"href":"https:\/\/tangoberlin.com\/en\/wp-json\/wp\/v2\/types\/page"}],"author":[{"embeddable":true,"href":"https:\/\/tangoberlin.com\/en\/wp-json\/wp\/v2\/users\/1"}],"replies":[{"embeddable":true,"href":"https:\/\/tangoberlin.com\/en\/wp-json\/wp\/v2\/comments?post=2134"}],"version-history":[{"count":28,"href":"https:\/\/tangoberlin.com\/en\/wp-json\/wp\/v2\/pages\/2134\/revisions"}],"predecessor-version":[{"id":3852,"href":"https:\/\/tangoberlin.com\/en\/wp-json\/wp\/v2\/pages\/2134\/revisions\/3852"}],"wp:attachment":[{"href":"https:\/\/tangoberlin.com\/en\/wp-json\/wp\/v2\/media?parent=2134"}],"curies":[{"name":"wp","href":"https:\/\/api.w.org\/{rel}","templated":true}]}}